{"id":3,"date":"2025-03-10T18:17:00","date_gmt":"2025-03-10T17:17:00","guid":{"rendered":"https:\/\/www.avvocatomazzulloacquepubbliche.com\/?page_id=3"},"modified":"2025-03-27T12:26:43","modified_gmt":"2025-03-27T11:26:43","slug":"privacy-policy","status":"publish","type":"page","link":"https:\/\/www.avvocatomazzulloacquepubbliche.com\/index.php\/privacy-policy\/","title":{"rendered":"Privacy Policy"},"content":{"rendered":"[et_pb_section fb_built=&#8221;1&#8243; admin_label=&#8221;section&#8221; _builder_version=&#8221;4.16&#8243; global_colors_info=&#8221;{}&#8221;][et_pb_row admin_label=&#8221;row&#8221; _builder_version=&#8221;4.24.3&#8243; background_size=&#8221;initial&#8221; background_position=&#8221;top_left&#8221; background_repeat=&#8221;repeat&#8221; custom_padding=&#8221;4px|||||&#8221; global_colors_info=&#8221;{}&#8221;][et_pb_column type=&#8221;4_4&#8243; _builder_version=&#8221;4.16&#8243; custom_padding=&#8221;|||&#8221; global_colors_info=&#8221;{}&#8221; custom_padding__hover=&#8221;|||&#8221;][et_pb_text admin_label=&#8221;Text&#8221; _builder_version=&#8221;4.24.3&#8243; background_size=&#8221;initial&#8221; background_position=&#8221;top_left&#8221; background_repeat=&#8221;repeat&#8221; global_colors_info=&#8221;{}&#8221;]<p><\/p>\n<header class=\"entry-header\">\n<h1 class=\"entry-title wp-block-heading\">Privacy Policy<\/h1>\n<\/header>\n<div class=\"entry-content content\">\n<p>Ex Art.13 REG.UE 679\/2016 sulla protezione dei dati personali raccolti presso l\u2019interessato<\/p>\n<h3 class=\"wp-block-heading\"><strong>1<\/strong><span>\u00a0<\/span>Titolare del Trattamento dei dati personali<\/h3>\n<ul class=\"wp-block-list\">\n<li>Il Titolare del trattamento dei dati personali \u00e8\u00a0<strong>Avv. Gianfranco Mazzullo,<\/strong><br \/>Via Francesco Ferrara, 43 Roma<br \/>C.F. e P.IVA<br \/>Mzzgfr52m11h501a<br \/>06757761009<\/li>\n<\/ul>\n<ul class=\"wp-block-list\">\n<li>Il Responsabile del Trattamento dei dati \u00e8<span>\u00a0<\/span><strong>Gianfranco Mazzullo<span>\u00a0<\/span><\/strong>nel rispetto dei principi di protezione dei dati personali.<\/li>\n<li>Eventuale personale e collaboratori<span>\u00a0<\/span><strong>dello studio Legale Mazzullo\u00a0<\/strong>sono incaricati al trattamento.<\/li>\n<\/ul>\n<h3 class=\"wp-block-heading\"><strong>2<\/strong><span>\u00a0<\/span>Fonte dei dati personali<\/h3>\n<p>Ai sensi dell\u2019articolo 13 del Reg.UE 679\/2016, informiamo che l\u2019avv. Gianfranco Mazzullo tratta dati personali degli interessati che hanno volontariamente comunicato di persona e\/o tramite modulistica, telefono, fax o e-mail i loro dati anagrafici ai nostri uffici.<\/p>\n<h3 class=\"wp-block-heading\"><strong>3<\/strong><span>\u00a0<\/span>Finalit\u00e0 del trattamento dei dati personali<\/h3>\n<p>Secondo la legge indicata, il Titolare del trattamento garantisce che il trattamento dei dati personali si svolga nel rispetto dei diritti e delle libert\u00e0 fondamentali, nonch\u00e9 della dignit\u00e0 dell\u2019interessato, con particolare riferimento alla riservatezza, all\u2019identit\u00e0 personale e al diritto alla protezione dei dati personali.<\/p>\n<p><strong>3.1<\/strong><span>\u00a0<\/span>Tutti i dati personali comunicati dai soggetti interessati, sono trattati per adempimenti connessi alla prestazione dei servizi richiesti dall\u2019utente:<\/p>\n<ul class=\"wp-block-list\">\n<li>pratiche amministrative relative ai servizi erogati al pubblico o mediante piattaforme telematiche<span>\u00a0<\/span><strong>dello studio Legale Mazzullo\u00a0<\/strong>ed allo svolgimento dell\u2019attivit\u00e0 della medesima societ\u00e0 al fine di consentire all\u2019interessato di fruire di servizi personalizzati e per l\u2019esecuzione degli stessi.<\/li>\n<li>l\u2019inserimento nelle anagrafiche e nei database informatici;<\/li>\n<li>adempimenti connessi all\u2019esecuzione del servizio richiesto;<\/li>\n<li>per assolvere a specifiche richieste degli Interessati;<\/li>\n<li>per condurre campagne informative sulle attivit\u00e0 in corso e specifiche operazioni di marketing.<\/li>\n<\/ul>\n<p>Il conferimento di tali dati personali non ha carattere obbligatorio, ma l\u2019eventuale rifiuto a fornirli impedisce, in relazione al rapporto tra il dato ed i servizi richiesti, l\u2019esecuzione delle nostre prestazioni, quali ad esempio l\u2019adesione a specifici servizi sulle piattaforme telematiche.<\/p>\n<p><strong>3.2<\/strong><span>\u00a0<\/span>I dati personali potranno essere altres\u00ec utilizzati per finalit\u00e0 funzionali all\u2019attivit\u00e0 promozionale dei servizi<span>\u00a0<\/span><strong>dello studio Legale Mazzullo<\/strong><span>, quali:<\/span><\/p>\n<ul class=\"wp-block-list\">\n<li>rilevazione del grado di soddisfazione sulla qualit\u00e0 dei servizi offerti;<\/li>\n<li>finalit\u00e0 di informazione e promozione commerciale, quali la proposta di nuove iniziative, eventi, comunicazione di nuovi servizi;<\/li>\n<li>ricezione di comunicazioni di carattere commerciale e promozionale via mail, attraverso l\u2019implicita sottoscrizione a mailing list di propriet\u00e0<span>\u00a0<\/span><strong>dello studio Legale Mazzullo<\/strong>;<\/li>\n<li>finalit\u00e0 di marketing, quali l\u2019elaborazione di indagini ed analisi di mercato.<\/li>\n<\/ul>\n<p>Il conferimento di predetti dati personali necessari per le citate finalit\u00e0 non ha carattere obbligatorio. Qualora tali dati vengano forniti, il loro trattamento richiede il consenso da parte dell\u2019interessato, espresso mediante specifici \u201cflags\u201d da apporre nelle caselle di consenso.<\/p>\n<h3 class=\"wp-block-heading\"><strong>4<\/strong><span>\u00a0<\/span>Conferimento dei dati e conseguenze in caso di mancato assenso al trattamento<\/h3>\n<p>Il conferimento dei Suoi dati per le finalit\u00e0 di cui al<span>\u00a0<\/span><strong>punto 3.1<\/strong><span>\u00a0<\/span>\u00e8 necessario per consentire l\u2019erogazione e la gestione del servizio, l\u2019eventuale Suo rifiuto di conferire i dati in questione comporter\u00e0 l\u2019impossibilit\u00e0 di ottenere l\u2019utilizzo del servizio proposto dal Titolare.<\/p>\n<p>Con riferimento alle finalit\u00e0 del trattamento di cui al<span>\u00a0<\/span><strong>punto 3.2,<\/strong><span>\u00a0<\/span>l\u2019assenso al trattamento dei dati \u00e8 facoltativo e potr\u00e0 essere manifestato attraverso la selezione di apposita casella, per ciascuna distinta finalit\u00e0 espressamente indicata in fase di adesione. Il mancato assenso non comporter\u00e0 alcuna conseguenza sulla possibilit\u00e0 di ricevere i servizi richiesti ed implicher\u00e0 esclusivamente le conseguenze di seguito descritte:<\/p>\n<p>\u2013 l\u2019impossibilit\u00e0 per<span>\u00a0<\/span><strong>dello studio Legale Mazzullo<\/strong><span>\u00a0<\/span>di procedere con l\u2019effettuazione di statistiche aggregate e anonime al fine di monitorare e migliorare il servizio offerto;<\/p>\n<p>\u2013 l\u2019impossibilit\u00e0 di ricevere comunicazioni informative e promozionali nonch\u00e9<span>\u00a0<\/span><em>newsletter<span>\u00a0<\/span><\/em>da parte di<span>\u00a0<\/span><strong>dello studio Legale Mazzullo<\/strong><span>\u00a0<\/span>in relazione alle iniziative proprie.<\/p>\n<h3 class=\"wp-block-heading\"><strong>5<\/strong><span>\u00a0<\/span>Comunicazione e diffusione dei dati<\/h3>\n<p>I dati personali che i soggetti interessati hanno volontariamente comunicato ai nostri uffici, non saranno in alcun modo diffusi.<\/p>\n<p>I dati personali degli interessati, qualora fosse necessario, potranno essere comunicati<\/p>\n<p><strong>5.1<\/strong><span>\u00a0<\/span>a tutti i soggetti cui la facolt\u00e0 di accesso \u00e8 riconosciuta in forza di provvedimenti normativi;<br \/><strong>5.2<\/strong><span>\u00a0<\/span>ai nostri collaboratori, dipendenti e fornitori, nell\u2019ambito delle relative mansioni e\/o di eventuali obblighi contrattuali con loro, inerenti i rapporti commerciali ed amministrativi con gli interessati;<strong><br \/>5.3<\/strong><span>\u00a0<\/span>a tutte quei soggetti pubblici e\/o privati, persone fisiche e\/o giuridiche (studi di consulenza legale, amministrativa e fiscale, Uffici Giudiziari, Camere di Commercio, Comune di Roma, ecc.), qualora la comunicazione risulti necessaria o funzionale allo svolgimento della nostra attivit\u00e0 e nei modi e per le finalit\u00e0 sopra illustrate;<br \/><strong>5.4<\/strong><span>\u00a0<\/span>istituti bancari per la gestione d\u2019incassi e pagamenti derivanti dall\u2019esecuzione dei contratti.<\/p>\n<p>In questi casi saranno comunicati solo i dati essenziali, e non eccedenti, rispetto alle finalit\u00e0 per le quali sono comunicati.<\/p>\n<p><strong>Trasferimento dei dati a paesi terzi<br \/><\/strong>Il Titolare del Trattamento non trasferisce i dati personali in paesi terzi; tuttavia si riserva la possibilit\u00e0 di utilizzare servizi in cloud e in tal caso i fornitori dei servizi saranno selezionati tra coloro che forniscono garanzie adeguate, cos\u00ec come previsto dall\u2019art. 46 GDPR 2016\/679<\/p>\n<h3 class=\"wp-block-heading\"><strong>6<\/strong><span>\u00a0<\/span>Modalit\u00e0 del trattamento<\/h3>\n<p>Il trattamento riguarda dati personali comuni identificativi.<\/p>\n<p>Il trattamento dei dati personali avviene utilizzando sia supporti cartacei che informatici con l\u2019osservanza di ogni misura cautelativa, al fine di garantire la sicurezza e la riservatezza. I dati saranno altres\u00ec gestiti e protetti in ambienti il cui accesso \u00e8 sotto costante controllo. In particolare, saranno adottate tutte le misure tecniche, informatiche, organizzative, logistiche e procedurali di sicurezza, in modo che sia garantito il livello idoneo di protezione dei dati previsto dalla legge, consentendo l\u2019accesso alle sole persone incaricate del trattamento da parte del Titolare o dei Responsabili eventualmente dallo stesso designati.<\/p>\n<h3 class=\"wp-block-heading\"><strong>7<\/strong><span>\u00a0<\/span>Periodo di conservazione dei dati<\/h3>\n<p>I dati personali verranno conservati per il lasso di tempo strettamente necessario al perseguimento delle specifiche finalit\u00e0 del trattamento per le quali l\u2019utente ha manifestato il suo consenso e, nello specifico:<\/p>\n<ul class=\"wp-block-list\">\n<li>per le finalit\u00e0 indicate al punto 3.1 per il tempo necessario all\u2019adempimento delle obbligazioni contrattuali e, in ogni modo, non oltre 10 anni dal momento della raccolta dei Suoi dati per adempimento di obblighi normativi e, comunque, non oltre i termini fissati dalla legge per la prescrizione dei diritti;<\/li>\n<li>per le finalit\u00e0 indicate al punto 3.2 (ovvero per finalit\u00e0 di marketing diretto e ricerche di mercato) fino alla esplicita manifestazione di dissenso all\u2019uso da parte dell\u2019utente, cui verranno forniti tutti gli strumenti necessari per il controllo e la gestione dei propri dati.<\/li>\n<\/ul>\n<h3 class=\"wp-block-heading\"><strong>8<\/strong><span>\u00a0<\/span>Diritti dell\u2019interessato<\/h3>\n<p>L\u2019utente potr\u00e0, in qualsiasi momento, esercitare i diritti di seguito indicati.<\/p>\n<ol class=\"wp-block-list\">\n<li>Accesso ai dati personali: ottenere la conferma o meno che sia in corso un trattamento di dati che La riguardano e, in tal caso, l\u2019accesso alle seguenti informazioni: le finalit\u00e0, le categorie di dati, i destinatari, il periodo di conservazione, il diritto di proporre reclamo ad un\u2019autorit\u00e0 di controllo, il diritto di richiedere la rettifica o cancellazione o limitazione del trattamento od opposizione al trattamento stesso nonch\u00e9 l\u2019esistenza di un processo decisionale automatizzato;<\/li>\n<li>Richiesta di rettifica o cancellazione degli stessi o limitazione dei trattamenti che lo riguardano; per \u201climitazione\u201d si intende il contrassegno dei dati conservati con l\u2019obiettivo di limitarne il trattamento in futuro;<\/li>\n<li>Opposizione al trattamento: opporsi per motivi connessi alla Sua situazione particolare al trattamento di dati per l\u2019esecuzione di un compito di interesse pubblico o per il perseguimento di un legittimo interesse del Titolare<strong>;<\/strong><\/li>\n<li>Portabilit\u00e0 dei dati: nel caso di trattamento automatizzato svolto sulla base del consenso o in esecuzione di un contratto, di ricevere in un formato strutturato, di uso comune e leggibile da dispositivo automatico, i dati che lo riguardano; in particolare, i dati Le verranno forniti dal Titolare in formato .xml, o analogo;<\/li>\n<li>Revoca del consenso al trattamento per finalit\u00e0 di marketing diretto e ricerche di mercato; l\u2019esercizio di tale diritto non pregiudica in alcun modo la liceit\u00e0 dei trattamenti svolti prima della revoca<strong>;<\/strong><\/li>\n<li>Proporre reclamo ai sensi dell\u2019art. 77 RGPD all\u2019autorit\u00e0 di controllo competente in base alla sua residenza abituale, al luogo di lavoro oppure al luogo di violazione dei suoi diritti; per l\u2019Italia \u00e8 competente il Garante per la protezione dei dati personali, contattabile tramite i dati di contatto riportati sul sito web<span>\u00a0<\/span><a href=\"https:\/\/www.garanteprivacy.it.\/\">https:\/\/www.garanteprivacy.it.<\/a><\/li>\n<\/ol>\n<p>I diritti di cui sopra potranno essere esercitati con richiesta al Titolare, ai recapiti riportati nella presente informativa. Il diritto di opposizione dell\u2019interessato al trattamento dei propri dati personali per finalit\u00e0 di marketing, si estende a quelle tradizionali e comunque resta salva la possibilit\u00e0 per l\u2019interessato di esercitare tale diritto in parte, ossia, in tal caso, opponendosi, ad esempio, al solo invio di comunicazioni promozionali effettuato tramite strumenti automatizzati.<\/p>\n<p>Le richieste relative all\u2019esercizio dei diritti dell\u2019utente saranno evase senza ingiustificato ritardo e, in ogni modo, entro un mese dalla domanda; solo in casi di particolare complessit\u00e0 e del numero di richieste, tale termine potr\u00e0 essere prorogato di ulteriori 2 (due) mesi.<\/p>\n<p><strong>Recapiti per comunicazioni<\/strong><span>\u00a0<\/span><strong>dello studio Legale Mazzullo<br \/><\/strong>Via Francesco Ferrara, 43<br \/>Roma<\/p>\n<p>tel. +39.06.33.42.92.06<\/p>\n<\/div>\n<p><br \/><\/p>\n<h2 class=\"wp-block-heading\">Cookie<\/h2>\n<p><br \/><strong class=\"privacy-policy-tutorial\">\u00a0<\/strong>Se lasci un commento sul nostro sito, puoi scegliere di salvare il tuo nome, indirizzo email e sito web nei cookie. Sono usati per la tua comodit\u00e0 in modo che tu non debba inserire nuovamente i tuoi dati quando lasci un altro commento. Questi cookie dureranno per un anno.<\/p>\n<p><!-- \/wp:paragraph --><br \/><!-- wp:paragraph -->Se visiti la pagina di login, verr\u00e0 impostato un cookie temporaneo per determinare se il tuo browser accetta i cookie. Questo cookie non contiene dati personali e viene eliminato quando chiudi il browser.<\/p>\n<p><!-- \/wp:paragraph --><br \/><!-- wp:paragraph -->Quando effettui l&#8217;accesso, verranno impostati diversi cookie per salvare le tue informazioni di accesso e le tue opzioni di visualizzazione dello schermo. I cookie di accesso durano due giorni mentre i cookie per le opzioni dello schermo durano un anno. Se selezioni &#8220;Ricordami&#8221;, il tuo accesso persister\u00e0 per due settimane. Se esci dal tuo account, i cookie di accesso verranno rimossi.<\/p>\n<p><!-- \/wp:paragraph --><br \/><!-- wp:paragraph -->Se modifichi o pubblichi un articolo, un cookie aggiuntivo verr\u00e0 salvato nel tuo browser. Questo cookie non include dati personali, ma indica semplicemente l&#8217;ID dell&#8217;articolo appena modificato. Scade dopo 1 giorno.<\/p>\n<p><!-- \/wp:paragraph --><br \/><!-- wp:heading --><\/p>\n<h2 class=\"wp-block-heading\">Contenuto incorporato da altri siti web<\/h2>\n<p><!-- \/wp:heading --><br \/><strong class=\"privacy-policy-tutorial\">\u00a0<\/strong>Gli articoli su questo sito possono includere contenuti incorporati (ad esempio video, immagini, articoli, ecc.). I contenuti incorporati da altri siti web si comportano esattamente allo stesso modo come se il visitatore avesse visitato l&#8217;altro sito web.<\/p>\n<p><!-- \/wp:paragraph --><br \/><!-- wp:paragraph -->Questi siti web possono raccogliere dati su di te, usare cookie, integrare ulteriori tracciamenti di terze parti e monitorare l&#8217;interazione con essi, incluso il tracciamento della tua interazione con il contenuto incorporato se hai un account e sei connesso a quei siti web.<\/p>\n<p><!-- \/wp:paragraph --><br \/><!-- wp:heading --><\/p>\n<h2 class=\"wp-block-heading\">Con chi condividiamo i tuoi dati<\/h2>\n<p><!-- \/wp:heading --><br \/><!-- wp:paragraph -->Se richiedi una reimpostazione della password, il tuo indirizzo IP verr\u00e0 incluso nell&#8217;email di reimpostazione.<\/p>\n<p><!-- \/wp:paragraph --><br \/><!-- wp:heading --><\/p>\n<h2 class=\"wp-block-heading\">Per quanto tempo conserviamo i tuoi dati<\/h2>\n<p><!-- \/wp:heading --><br \/>Se lasci un commento, il commento e i relativi metadati vengono conservati a tempo indeterminato. \u00c8 cos\u00ec che possiamo riconoscere e approvare automaticamente eventuali commenti successivi invece di tenerli in una coda di moderazione.<\/p>\n<p><!-- \/wp:paragraph --><br \/><!-- wp:paragraph -->Per gli utenti che si registrano sul nostro sito web (se presenti), memorizziamo anche le informazioni personali che forniscono nel loro profilo utente. Tutti gli utenti possono vedere, modificare o eliminare le loro informazioni personali in qualsiasi momento (eccetto il loro nome utente che non possono cambiare). Gli amministratori del sito web possono anche vedere e modificare queste informazioni.<\/p>\n<p><!-- \/wp:paragraph --><br \/><!-- wp:heading --><\/p>\n<h2 class=\"wp-block-heading\">Quali diritti hai sui tuoi dati<\/h2>\n<p><!-- \/wp:heading --><br \/><!-- wp:paragraph -->Se hai un account su questo sito, o hai lasciato commenti, puoi richiedere di ricevere un file esportato dal sito con i dati personali che abbiamo su di te, compresi i dati che ci hai fornito. Puoi anche richiedere che cancelliamo tutti i dati personali che ti riguardano. Questo non include i dati che siamo obbligati a conservare per scopi amministrativi, legali o di sicurezza.<\/p>\n<p><!-- \/wp:paragraph --><br \/><!-- wp:heading --><\/p>\n<h2 class=\"wp-block-heading\">Dove i tuoi dati sono inviati<\/h2>\n<p><!-- \/wp:heading --><br \/><!-- wp:paragraph -->I commenti dei visitatori possono essere controllati attraverso un servizio di rilevamento automatico dello spam.<\/p>\n<p><!-- \/wp:paragraph --><\/p>[\/et_pb_text][\/et_pb_column][\/et_pb_row][\/et_pb_section]","protected":false},"excerpt":{"rendered":"<p>Privacy Policy Ex Art.13 REG.UE 679\/2016 sulla protezione dei dati personali raccolti presso l\u2019interessato 1\u00a0Titolare del Trattamento dei dati personali Il Titolare del trattamento dei dati personali \u00e8\u00a0Avv. Gianfranco Mazzullo,Via Francesco Ferrara, 43 RomaC.F. e P.IVAMzzgfr52m11h501a06757761009 Il Responsabile del Trattamento dei dati \u00e8\u00a0Gianfranco Mazzullo\u00a0nel rispetto dei principi di protezione dei dati personali. Eventuale personale e [&hellip;]<\/p>\n","protected":false},"author":1,"featured_media":0,"parent":0,"menu_order":0,"comment_status":"closed","ping_status":"open","template":"","meta":{"_et_pb_use_builder":"on","_et_pb_old_content":"<!-- wp:heading -->\n<h2 class=\"wp-block-heading\">Chi siamo<\/h2>\n<!-- \/wp:heading -->\n<!-- wp:paragraph -->\n<p><strong class=\"privacy-policy-tutorial\">Testo suggerito: <\/strong>L'indirizzo del nostro sito web \u00e8: https:\/\/www.avvocatomazzulloacquepubbliche.com.<\/p>\n<!-- \/wp:paragraph -->\n<!-- wp:heading -->\n<h2 class=\"wp-block-heading\">Commenti<\/h2>\n<!-- \/wp:heading -->\n<!-- wp:paragraph -->\n<p><strong class=\"privacy-policy-tutorial\">Testo suggerito: <\/strong>Quando i visitatori lasciano commenti sul sito, raccogliamo i dati mostrati nel modulo dei commenti oltre all'indirizzo IP del visitatore e la stringa dello user agent del browser per facilitare il rilevamento dello spam.<\/p>\n<!-- \/wp:paragraph -->\n<!-- wp:paragraph -->\n<p>Una stringa anonimizzata creata a partire dal tuo indirizzo email (altrimenti detta hash) pu\u00f2 essere fornita al servizio Gravatar per vedere se lo stai usando. La privacy policy del servizio Gravatar \u00e8 disponibile qui: https:\/\/automattic.com\/privacy\/. Dopo l'approvazione del tuo commento, la tua immagine del profilo \u00e8 visibile al pubblico nel contesto del tuo commento.<\/p>\n<!-- \/wp:paragraph -->\n<!-- wp:heading -->\n<h2 class=\"wp-block-heading\">Media<\/h2>\n<!-- \/wp:heading -->\n<!-- wp:paragraph -->\n<p><strong class=\"privacy-policy-tutorial\">Testo suggerito: <\/strong>Se carichi immagini sul sito web, dovresti evitare di caricare immagini che includono i dati di posizione incorporati (EXIF GPS). I visitatori del sito web possono scaricare ed estrarre qualsiasi dato sulla posizione dalle immagini sul sito web.<\/p>\n<!-- \/wp:paragraph -->\n<!-- wp:heading -->\n<h2 class=\"wp-block-heading\">Cookie<\/h2>\n<!-- \/wp:heading -->\n<!-- wp:paragraph -->\n<p><strong class=\"privacy-policy-tutorial\">Testo suggerito: <\/strong>Se lasci un commento sul nostro sito, puoi scegliere di salvare il tuo nome, indirizzo email e sito web nei cookie. Sono usati per la tua comodit\u00e0 in modo che tu non debba inserire nuovamente i tuoi dati quando lasci un altro commento. Questi cookie dureranno per un anno.<\/p>\n<!-- \/wp:paragraph -->\n<!-- wp:paragraph -->\n<p>Se visiti la pagina di login, verr\u00e0 impostato un cookie temporaneo per determinare se il tuo browser accetta i cookie. Questo cookie non contiene dati personali e viene eliminato quando chiudi il browser.<\/p>\n<!-- \/wp:paragraph -->\n<!-- wp:paragraph -->\n<p>Quando effettui l'accesso, verranno impostati diversi cookie per salvare le tue informazioni di accesso e le tue opzioni di visualizzazione dello schermo. I cookie di accesso durano due giorni mentre i cookie per le opzioni dello schermo durano un anno. Se selezioni &quot;Ricordami&quot;, il tuo accesso persister\u00e0 per due settimane. Se esci dal tuo account, i cookie di accesso verranno rimossi.<\/p>\n<!-- \/wp:paragraph -->\n<!-- wp:paragraph -->\n<p>Se modifichi o pubblichi un articolo, un cookie aggiuntivo verr\u00e0 salvato nel tuo browser. Questo cookie non include dati personali, ma indica semplicemente l'ID dell'articolo appena modificato. Scade dopo 1 giorno.<\/p>\n<!-- \/wp:paragraph -->\n<!-- wp:heading -->\n<h2 class=\"wp-block-heading\">Contenuto incorporato da altri siti web<\/h2>\n<!-- \/wp:heading -->\n<!-- wp:paragraph -->\n<p><strong class=\"privacy-policy-tutorial\">Testo suggerito: <\/strong>Gli articoli su questo sito possono includere contenuti incorporati (ad esempio video, immagini, articoli, ecc.). I contenuti incorporati da altri siti web si comportano esattamente allo stesso modo come se il visitatore avesse visitato l'altro sito web.<\/p>\n<!-- \/wp:paragraph -->\n<!-- wp:paragraph -->\n<p>Questi siti web possono raccogliere dati su di te, usare cookie, integrare ulteriori tracciamenti di terze parti e monitorare l'interazione con essi, incluso il tracciamento della tua interazione con il contenuto incorporato se hai un account e sei connesso a quei siti web.<\/p>\n<!-- \/wp:paragraph -->\n<!-- wp:heading -->\n<h2 class=\"wp-block-heading\">Con chi condividiamo i tuoi dati<\/h2>\n<!-- \/wp:heading -->\n<!-- wp:paragraph -->\n<p><strong class=\"privacy-policy-tutorial\">Testo suggerito: <\/strong>Se richiedi una reimpostazione della password, il tuo indirizzo IP verr\u00e0 incluso nell'email di reimpostazione.<\/p>\n<!-- \/wp:paragraph -->\n<!-- wp:heading -->\n<h2 class=\"wp-block-heading\">Per quanto tempo conserviamo i tuoi dati<\/h2>\n<!-- \/wp:heading -->\n<!-- wp:paragraph -->\n<p><strong class=\"privacy-policy-tutorial\">Testo suggerito: <\/strong>Se lasci un commento, il commento e i relativi metadati vengono conservati a tempo indeterminato. \u00c8 cos\u00ec che possiamo riconoscere e approvare automaticamente eventuali commenti successivi invece di tenerli in una coda di moderazione.<\/p>\n<!-- \/wp:paragraph -->\n<!-- wp:paragraph -->\n<p>Per gli utenti che si registrano sul nostro sito web (se presenti), memorizziamo anche le informazioni personali che forniscono nel loro profilo utente. Tutti gli utenti possono vedere, modificare o eliminare le loro informazioni personali in qualsiasi momento (eccetto il loro nome utente che non possono cambiare). Gli amministratori del sito web possono anche vedere e modificare queste informazioni.<\/p>\n<!-- \/wp:paragraph -->\n<!-- wp:heading -->\n<h2 class=\"wp-block-heading\">Quali diritti hai sui tuoi dati<\/h2>\n<!-- \/wp:heading -->\n<!-- wp:paragraph -->\n<p><strong class=\"privacy-policy-tutorial\">Testo suggerito: <\/strong>Se hai un account su questo sito, o hai lasciato commenti, puoi richiedere di ricevere un file esportato dal sito con i dati personali che abbiamo su di te, compresi i dati che ci hai fornito. Puoi anche richiedere che cancelliamo tutti i dati personali che ti riguardano. Questo non include i dati che siamo obbligati a conservare per scopi amministrativi, legali o di sicurezza.<\/p>\n<!-- \/wp:paragraph -->\n<!-- wp:heading -->\n<h2 class=\"wp-block-heading\">Dove i tuoi dati sono inviati<\/h2>\n<!-- \/wp:heading -->\n<!-- wp:paragraph -->\n<p><strong class=\"privacy-policy-tutorial\">Testo suggerito: <\/strong>I commenti dei visitatori possono essere controllati attraverso un servizio di rilevamento automatico dello spam.<\/p>\n<!-- \/wp:paragraph -->\n","_et_gb_content_width":"","footnotes":""},"class_list":["post-3","page","type-page","status-publish","hentry"],"_links":{"self":[{"href":"https:\/\/www.avvocatomazzulloacquepubbliche.com\/index.php\/wp-json\/wp\/v2\/pages\/3","targetHints":{"allow":["GET"]}}],"collection":[{"href":"https:\/\/www.avvocatomazzulloacquepubbliche.com\/index.php\/wp-json\/wp\/v2\/pages"}],"about":[{"href":"https:\/\/www.avvocatomazzulloacquepubbliche.com\/index.php\/wp-json\/wp\/v2\/types\/page"}],"author":[{"embeddable":true,"href":"https:\/\/www.avvocatomazzulloacquepubbliche.com\/index.php\/wp-json\/wp\/v2\/users\/1"}],"replies":[{"embeddable":true,"href":"https:\/\/www.avvocatomazzulloacquepubbliche.com\/index.php\/wp-json\/wp\/v2\/comments?post=3"}],"version-history":[{"count":4,"href":"https:\/\/www.avvocatomazzulloacquepubbliche.com\/index.php\/wp-json\/wp\/v2\/pages\/3\/revisions"}],"predecessor-version":[{"id":208,"href":"https:\/\/www.avvocatomazzulloacquepubbliche.com\/index.php\/wp-json\/wp\/v2\/pages\/3\/revisions\/208"}],"wp:attachment":[{"href":"https:\/\/www.avvocatomazzulloacquepubbliche.com\/index.php\/wp-json\/wp\/v2\/media?parent=3"}],"curies":[{"name":"wp","href":"https:\/\/api.w.org\/{rel}","templated":true}]}}