{"id":2,"date":"2025-03-10T18:17:00","date_gmt":"2025-03-10T17:17:00","guid":{"rendered":"https:\/\/www.avvocatomazzulloacquepubbliche.com\/?page_id=2"},"modified":"2025-05-25T23:44:53","modified_gmt":"2025-05-25T21:44:53","slug":"home","status":"publish","type":"page","link":"https:\/\/www.avvocatomazzulloacquepubbliche.com\/","title":{"rendered":"Home page"},"content":{"rendered":"<p>[et_pb_section fb_built=&#8221;1&#8243; admin_label=&#8221;https:\/\/www.avvocatomazzulloacquepubbliche.com\/&#8221; _builder_version=&#8221;4.24.3&#8243; _module_preset=&#8221;default&#8221; global_colors_info=&#8221;{}&#8221;][et_pb_row _builder_version=&#8221;4.24.3&#8243; _module_preset=&#8221;default&#8221; custom_margin=&#8221;||-8px||false|false&#8221; global_colors_info=&#8221;{}&#8221;][et_pb_column type=&#8221;4_4&#8243; _builder_version=&#8221;4.24.3&#8243; _module_preset=&#8221;default&#8221; global_colors_info=&#8221;{}&#8221;][et_pb_text _builder_version=&#8221;4.24.3&#8243; _module_preset=&#8221;default&#8221; text_font=&#8221;Times New Roman||||||||&#8221; header_font_size=&#8221;50px&#8221; global_colors_info=&#8221;{}&#8221;]<\/p>\n<h1><strong>Avv. Gianfranco Mazzullo<\/strong><\/h1>\n<h2><span style=\"color: #808080;\"><strong>Acque pubbliche\u00a0 \u00a0 \u00a0 \u00a0 \u00a0 \u00a0 \u00a0 \u00a0<\/strong><\/span><span style=\"color: #808080;\"><strong>\u00a0 \u00a0 \u00a0 \u00a0 \u00a0 \u00a0 \u00a0 \u00a0 \u00a0 \u00a0 \u00a0 \u00a0 \u00a0 \u00a0 \u00a0 \u00a0 \u00a0 \u00a0 \u00a0 \u00a0\u00a0<\/strong><\/span><\/h2>\n<p style=\"text-align: right;\"><span style=\"color: #808080;\"><strong><\/strong><\/span><\/p>\n<p>[\/et_pb_text][\/et_pb_column][\/et_pb_row][et_pb_row column_structure=&#8221;1_4,3_4&#8243; _builder_version=&#8221;4.24.3&#8243; _module_preset=&#8221;default&#8221; global_colors_info=&#8221;{}&#8221;][et_pb_column type=&#8221;1_4&#8243; _builder_version=&#8221;4.24.3&#8243; _module_preset=&#8221;default&#8221; global_colors_info=&#8221;{}&#8221;][et_pb_image src=&#8221;https:\/\/www.avvocatomazzulloacquepubbliche.com\/wp-content\/uploads\/2025\/03\/avvocato.jpg&#8221; title_text=&#8221;avvocato&#8221; _builder_version=&#8221;4.24.3&#8243; _module_preset=&#8221;default&#8221; custom_padding=&#8221;|39px||||&#8221; global_colors_info=&#8221;{}&#8221;][\/et_pb_image][et_pb_text _builder_version=&#8221;4.24.3&#8243; _module_preset=&#8221;default&#8221; custom_padding=&#8221;20px|0px|73px|0px||&#8221; inline_fonts=&#8221;Times New Roman&#8221; global_colors_info=&#8221;{}&#8221;]<\/p>\n<h2><span style=\"color: #808080;\"><strong><span style=\"font-family: 'Times New Roman';\">Contatti :<\/span><\/strong><\/span><\/h2>\n<p><span style=\"color: #808080; font-family: 'Times New Roman';\">E:gianfrancomazzullo@gmail.com<\/span><\/p>\n<p><span style=\"color: #808080; font-family: 'Times New Roman'; font-weight: normal;\">Via Francesco<\/span><br \/><span style=\"color: #808080; font-family: 'Times New Roman';\">Ferrara 43<\/span><\/p>\n<p><span style=\"color: #808080; font-family: 'Times New Roman';\">Roma<\/span><\/p>\n<p><span style=\"color: #808080; font-family: 'Times New Roman';\">Tel:+39.06.3342.92.06<\/span><\/p>\n<p>[\/et_pb_text][\/et_pb_column][et_pb_column type=&#8221;3_4&#8243; _builder_version=&#8221;4.24.3&#8243; _module_preset=&#8221;default&#8221; global_colors_info=&#8221;{}&#8221;][et_pb_text _builder_version=&#8221;4.24.3&#8243; _module_preset=&#8221;default&#8221; text_font=&#8221;Times New Roman||||||||&#8221; global_colors_info=&#8221;{}&#8221;]<\/p>\n<h3 style=\"text-align: justify;\"><span style=\"color: #808080;\">\u00a0Gianfranco Mazzullo \u00e8 tra i massimi esperti italiani in materia di acque pubbliche.<\/span><\/h3>\n<h3 style=\"text-align: justify;\"><span style=\"color: #808080;\">Laureatosi in giurisprudenza presso l&#8217;Universit\u00e0 degli studi di Roma &#8220;La Sapienza&#8221;, inizialmente matur\u00f2 un&#8217;esperienza lavorativa presso l&#8217;IRI (Istituto Ricostruzione Industriale).<\/span><\/h3>\n<h3 style=\"text-align: justify;\"><span style=\"color: #808080;\">Dopo il superamento a pieni voti dell&#8217;esame di abilitazione all&#8217;esercizio della professione forense, inizi\u00f2 l&#8217;attivit\u00e0 professionale presso lo studio del padre Giancarlo, che lo eredit\u00f2 dal Prof. Avv. Achille Donato Giannini (il quale fece parte del &#8220;Consiglio Superiore delle Acque&#8221; e partecip\u00f2 alla formazione della nuova legislazione sulle acque pubbliche).<\/span><\/h3>\n<h3 style=\"text-align: justify;\"><span style=\"color: #808080;\">Propugnatore, ispiratore ed animatore del &#8220;<strong>Codice delle acque pubbliche<\/strong>&#8221; (Ed. Giuffr\u00e8), con l&#8217;Avv. Ernesto Conte ed il Presidente del Tribunale Superiore delle Acque Pubbliche, Salvatore Palazzolo, nonch\u00e9 con la partecipazione della dott.ssa Silvia Zara del Tribunale stesso.<\/span><\/h3>\n<h3 style=\"text-align: justify;\"><span style=\"color: #808080;\">Tratta importanti controversie innanzi alle Sezioni Unite della Corte di Cassazione, al Tribunale Superiore delle Acque Pubbliche ed ai tribunali regionali delle acque pubbliche; assistendo societ\u00e0 idroelettriche di interesse primario per il Paese.<\/span><\/h3>\n<h3 style=\"text-align: justify;\"><span style=\"color: #808080;\">Collaboratore dal 1992 de &#8220;Il Foro Italiano&#8221; considerata la pi\u00f9 prestigiosa e selettiva rivista\u00a0 giuridica d&#8217;Europa.<\/span><\/h3>\n<h3 style=\"text-align: justify;\"><span style=\"color: #808080;\">Autore di numerose pubblicazioni tra note a sentenza e articoli di dottrina in materia di &#8220;acque pubbliche&#8221;.<\/span><\/h3>\n<p>[\/et_pb_text][\/et_pb_column][\/et_pb_row][et_pb_row column_structure=&#8221;1_4,1_2,1_4&#8243; use_custom_gutter=&#8221;on&#8221; make_equal=&#8221;on&#8221; _builder_version=&#8221;4.24.3&#8243; _module_preset=&#8221;default&#8221; background_color=&#8221;#939393&#8243; background_video_mp4=&#8221;https:\/\/www.avvocatomazzulloacquepubbliche.com\/wp-content\/uploads\/2025\/03\/waterfall_small_3.mp4&#8243; background_enable_video_webm=&#8221;off&#8221; width=&#8221;100%&#8221; max_width=&#8221;2560px&#8221; module_alignment=&#8221;center&#8221; custom_margin=&#8221;|170px||auto||&#8221; custom_padding=&#8221;|||0px||&#8221; link_option_url_new_window=&#8221;on&#8221; border_radii=&#8221;off||||&#8221; global_colors_info=&#8221;{}&#8221;][et_pb_column type=&#8221;1_4&#8243; _builder_version=&#8221;4.24.3&#8243; _module_preset=&#8221;default&#8221; link_option_url_new_window=&#8221;on&#8221; global_colors_info=&#8221;{}&#8221;][\/et_pb_column][et_pb_column type=&#8221;1_2&#8243; _builder_version=&#8221;4.24.3&#8243; _module_preset=&#8221;default&#8221; link_option_url_new_window=&#8221;on&#8221; global_colors_info=&#8221;{}&#8221;][et_pb_text _builder_version=&#8221;4.24.3&#8243; _module_preset=&#8221;default&#8221; header_font_size=&#8221;51px&#8221; inline_fonts=&#8221;Times New Roman&#8221; global_colors_info=&#8221;{}&#8221;]<\/p>\n<div class=\"x-text x-content e115-e10 m37-l m37-o m37-p m37-q\">\n<h2 style=\"text-align: center;\"><span style=\"color: #ffffff;\"><span style=\"font-family: 'Times New Roman';\">D<\/span><span style=\"font-family: 'Times New Roman';\">alla terra nasce l&#8217;acqua,<\/span><\/span><br \/><span style=\"font-family: 'Times New Roman'; color: #ffffff;\">dall&#8217;acqua nasce l&#8217;anima<\/span><\/h2>\n<\/div>\n<div class=\"x-text x-content e115-e11 m37-l m37-n m37-p m37-q m37-r m37-s\">\n<h3 style=\"text-align: right;\"><span style=\"color: #ffffff; font-family: 'Times New Roman';\">Eraclito<\/span><\/h3>\n<\/div>\n<p>[\/et_pb_text][et_pb_text _builder_version=&#8221;4.24.3&#8243; _module_preset=&#8221;default&#8221; inline_fonts=&#8221;Times New Roman&#8221; global_colors_info=&#8221;{}&#8221;]<\/p>\n<p><strong><span style=\"color: #ffffff;\">Scrivici per un primo contatto:<\/span><\/strong><\/p>\n<p>[\/et_pb_text][et_pb_contact_form captcha=&#8221;off&#8221; submit_button_text=&#8221;Invia&#8221; _builder_version=&#8221;4.24.3&#8243; _module_preset=&#8221;default&#8221; _unique_id=&#8221;1bad3bf8-1206-45aa-b5bd-005894cb4fc4&#8243; background_color=&#8221;RGBA(255,255,255,0)&#8221; background_enable_video_mp4=&#8221;off&#8221; button_text_color=&#8221;#FFFFFF&#8221; button_border_color=&#8221;#FFFFFF&#8221; button_font=&#8221;Times New Roman|800|||||||&#8221; width=&#8221;100%&#8221; global_colors_info=&#8221;{}&#8221;][et_pb_contact_field field_id=&#8221;Name&#8221; field_title=&#8221;Nome o referente aziendale&#8221; _builder_version=&#8221;4.24.3&#8243; form_field_background_color=&#8221;RGBA(255,255,255,0)&#8221; form_field_text_color=&#8221;#FFFFFF&#8221; form_field_font=&#8221;Times New Roman|800|||||||&#8221; form_field_font_size=&#8221;20px&#8221; background_color=&#8221;RGBA(255,255,255,0)&#8221; background_enable_color=&#8221;on&#8221; border_width_all=&#8221;2px&#8221; border_color_all=&#8221;#FFFFFF&#8221; global_colors_info=&#8221;{}&#8221; button_text_size__hover_enabled=&#8221;off&#8221; button_one_text_size__hover_enabled=&#8221;off&#8221; button_two_text_size__hover_enabled=&#8221;off&#8221; button_text_color__hover_enabled=&#8221;off&#8221; button_one_text_color__hover_enabled=&#8221;off&#8221; button_two_text_color__hover_enabled=&#8221;off&#8221; button_border_width__hover_enabled=&#8221;off&#8221; button_one_border_width__hover_enabled=&#8221;off&#8221; button_two_border_width__hover_enabled=&#8221;off&#8221; button_border_color__hover_enabled=&#8221;off&#8221; button_one_border_color__hover_enabled=&#8221;off&#8221; button_two_border_color__hover_enabled=&#8221;off&#8221; button_border_radius__hover_enabled=&#8221;off&#8221; button_one_border_radius__hover_enabled=&#8221;off&#8221; button_two_border_radius__hover_enabled=&#8221;off&#8221; button_letter_spacing__hover_enabled=&#8221;off&#8221; button_one_letter_spacing__hover_enabled=&#8221;off&#8221; button_two_letter_spacing__hover_enabled=&#8221;off&#8221; button_bg_color__hover_enabled=&#8221;off&#8221; button_one_bg_color__hover_enabled=&#8221;off&#8221; button_two_bg_color__hover_enabled=&#8221;off&#8221;][\/et_pb_contact_field][et_pb_contact_field field_id=&#8221;Email&#8221; field_title=&#8221;Email (no pec)&#8221; field_type=&#8221;email&#8221; _builder_version=&#8221;4.24.3&#8243; form_field_background_color=&#8221;RGBA(255,255,255,0)&#8221; form_field_text_color=&#8221;#FFFFFF&#8221; form_field_font=&#8221;Times New Roman|800|||||||&#8221; form_field_font_size=&#8221;20px&#8221; border_width_all=&#8221;2px&#8221; border_color_all=&#8221;#FFFFFF&#8221; global_colors_info=&#8221;{}&#8221; button_text_size__hover_enabled=&#8221;off&#8221; button_one_text_size__hover_enabled=&#8221;off&#8221; button_two_text_size__hover_enabled=&#8221;off&#8221; button_text_color__hover_enabled=&#8221;off&#8221; button_one_text_color__hover_enabled=&#8221;off&#8221; button_two_text_color__hover_enabled=&#8221;off&#8221; button_border_width__hover_enabled=&#8221;off&#8221; button_one_border_width__hover_enabled=&#8221;off&#8221; button_two_border_width__hover_enabled=&#8221;off&#8221; button_border_color__hover_enabled=&#8221;off&#8221; button_one_border_color__hover_enabled=&#8221;off&#8221; button_two_border_color__hover_enabled=&#8221;off&#8221; button_border_radius__hover_enabled=&#8221;off&#8221; button_one_border_radius__hover_enabled=&#8221;off&#8221; button_two_border_radius__hover_enabled=&#8221;off&#8221; button_letter_spacing__hover_enabled=&#8221;off&#8221; button_one_letter_spacing__hover_enabled=&#8221;off&#8221; button_two_letter_spacing__hover_enabled=&#8221;off&#8221; button_bg_color__hover_enabled=&#8221;off&#8221; button_one_bg_color__hover_enabled=&#8221;off&#8221; button_two_bg_color__hover_enabled=&#8221;off&#8221;][\/et_pb_contact_field][et_pb_contact_field field_id=&#8221;Message&#8221; field_title=&#8221;Oggetto del messaggio&#8221; fullwidth_field=&#8221;on&#8221; _builder_version=&#8221;4.24.3&#8243; form_field_background_color=&#8221;RGBA(255,255,255,0)&#8221; form_field_text_color=&#8221;#FFFFFF&#8221; form_field_font=&#8221;Times New Roman|800|||||||&#8221; form_field_font_size=&#8221;20px&#8221; border_width_all=&#8221;2px&#8221; border_color_all=&#8221;#FFFFFF&#8221; global_colors_info=&#8221;{}&#8221; button_text_size__hover_enabled=&#8221;off&#8221; button_one_text_size__hover_enabled=&#8221;off&#8221; button_two_text_size__hover_enabled=&#8221;off&#8221; button_text_color__hover_enabled=&#8221;off&#8221; button_one_text_color__hover_enabled=&#8221;off&#8221; button_two_text_color__hover_enabled=&#8221;off&#8221; button_border_width__hover_enabled=&#8221;off&#8221; button_one_border_width__hover_enabled=&#8221;off&#8221; button_two_border_width__hover_enabled=&#8221;off&#8221; button_border_color__hover_enabled=&#8221;off&#8221; button_one_border_color__hover_enabled=&#8221;off&#8221; button_two_border_color__hover_enabled=&#8221;off&#8221; button_border_radius__hover_enabled=&#8221;off&#8221; button_one_border_radius__hover_enabled=&#8221;off&#8221; button_two_border_radius__hover_enabled=&#8221;off&#8221; button_letter_spacing__hover_enabled=&#8221;off&#8221; button_one_letter_spacing__hover_enabled=&#8221;off&#8221; button_two_letter_spacing__hover_enabled=&#8221;off&#8221; button_bg_color__hover_enabled=&#8221;off&#8221; button_one_bg_color__hover_enabled=&#8221;off&#8221; button_two_bg_color__hover_enabled=&#8221;off&#8221;][\/et_pb_contact_field][et_pb_contact_field field_id=&#8221;Field_4&#8243; field_title=&#8221;Messaggio&#8221; field_type=&#8221;text&#8221; fullwidth_field=&#8221;on&#8221; _builder_version=&#8221;4.24.3&#8243; _module_preset=&#8221;default&#8221; form_field_background_color=&#8221;RGBA(255,255,255,0)&#8221; form_field_text_color=&#8221;#FFFFFF&#8221; form_field_font=&#8221;Times New Roman|800|||||||&#8221; form_field_font_size=&#8221;20px&#8221; border_width_all=&#8221;2px&#8221; border_color_all=&#8221;#FFFFFF&#8221; global_colors_info=&#8221;{}&#8221;][\/et_pb_contact_field][\/et_pb_contact_form][\/et_pb_column][et_pb_column type=&#8221;1_4&#8243; _builder_version=&#8221;4.24.3&#8243; _module_preset=&#8221;default&#8221; link_option_url_new_window=&#8221;on&#8221; global_colors_info=&#8221;{}&#8221;][\/et_pb_column][\/et_pb_row][et_pb_row _builder_version=&#8221;4.24.3&#8243; _module_preset=&#8221;default&#8221; global_colors_info=&#8221;{}&#8221;][et_pb_column type=&#8221;4_4&#8243; _builder_version=&#8221;4.24.3&#8243; _module_preset=&#8221;default&#8221; global_colors_info=&#8221;{}&#8221;][et_pb_text _builder_version=&#8221;4.24.3&#8243; _module_preset=&#8221;default&#8221; background_enable_image=&#8221;off&#8221; custom_padding=&#8221;0px|||||&#8221; inline_fonts=&#8221;Times New Roman&#8221; global_colors_info=&#8221;{}&#8221;]<\/p>\n<h2><\/h2>\n<h3><span style=\"font-family: 'Times New Roman'; color: #808080;\">Consulenza ed assistenza legale a tutti i livelli concernenti le opere idrauliche, la difesa del suolo, la tutela delle acque interne dagli inquinamenti, la produzione ed il trasporto dell&#8217;energia, la gestione del patrimonio idrico ed il suo sfruttamento, le concessioni idroelettriche, le autorizzazioni uniche ed il servizio idrico integrato: dai consorzi BIM alle grandi e medie imprese di trasformazione energetica.<\/span><\/h3>\n<h3><span style=\"font-family: 'Times New Roman'; color: #808080;\">gianfrancomazzullo@gmail.com<\/span><\/h3>\n<p>[\/et_pb_text][\/et_pb_column][\/et_pb_row][\/et_pb_section]<\/p>\n","protected":false},"excerpt":{"rendered":"<p>Avv. Gianfranco Mazzullo Acque pubbliche\u00a0 \u00a0 \u00a0 \u00a0 \u00a0 \u00a0 \u00a0 \u00a0\u00a0 \u00a0 \u00a0 \u00a0 \u00a0 \u00a0 \u00a0 \u00a0 \u00a0 \u00a0 \u00a0 \u00a0 \u00a0 \u00a0 \u00a0 \u00a0 \u00a0 \u00a0 \u00a0 \u00a0\u00a0 Contatti : E:gianfrancomazzullo@gmail.com Via FrancescoFerrara 43 Roma Tel:+39.06.3342.92.06\u00a0Gianfranco Mazzullo \u00e8 tra i massimi esperti italiani in materia di acque pubbliche. Laureatosi in giurisprudenza presso [&hellip;]<\/p>\n","protected":false},"author":1,"featured_media":0,"parent":0,"menu_order":0,"comment_status":"closed","ping_status":"closed","template":"","meta":{"_et_pb_use_builder":"on","_et_pb_old_content":"<!-- wp:paragraph -->\n<p>Questa \u00e8 una pagina di esempio. Differisce da un articolo di un blog perch\u00e9 rimane sempre allo stesso posto e (in molti temi) appare nel menu di navigazione. Molte persone iniziano con una pagina di Informazioni che li presentano ai visitatori del sito. Potrebbe apparire una presentazione del tipo:<\/p>\n<!-- \/wp:paragraph -->\n\n<!-- wp:quote -->\n<blockquote class=\"wp-block-quote\"><!-- wp:paragraph -->\n<p>Ciao! Sono un fattorino ciclista di giorno, aspirante attore di notte e questo \u00e8 il mio sito web. Vivo a Los Angeles, ho un grande cane di nome Jack e mi piace la pi\u00f1a colada. (E prendere la pioggia)<\/p>\n<!-- \/wp:paragraph --><\/blockquote>\n<!-- \/wp:quote -->\n\n<!-- wp:paragraph -->\n<p>...o qualcosa di simile:<\/p>\n<!-- \/wp:paragraph -->\n\n<!-- wp:quote -->\n<blockquote class=\"wp-block-quote\"><!-- wp:paragraph -->\n<p>La Societ\u00e0 XYZ Aggeggi \u00e8 stata fondata nel 1971 e da allora fornisce al pubblico aggeggi di ottima qualit\u00e0. Situata a Fantasilandia, XYZ impiega oltre 2.000 persone e realizza ogni sorta di aggeggio fantastico per la comunit\u00e0 di Fantasilandia.<\/p>\n<!-- \/wp:paragraph --><\/blockquote>\n<!-- \/wp:quote -->\n\n<!-- wp:paragraph -->\n<p>Come nuovo utente di WordPress, dovresti andare nella tua <a href=\"https:\/\/www.avvocatomazzulloacquepubbliche.com\/wp-admin\/\">Bacheca<\/a> per eliminare questa pagina, e crearne delle nuove per i tuoi contenuti. Divertiti!<\/p>\n<!-- \/wp:paragraph -->","_et_gb_content_width":"","footnotes":""},"class_list":["post-2","page","type-page","status-publish","hentry"],"_links":{"self":[{"href":"https:\/\/www.avvocatomazzulloacquepubbliche.com\/index.php\/wp-json\/wp\/v2\/pages\/2","targetHints":{"allow":["GET"]}}],"collection":[{"href":"https:\/\/www.avvocatomazzulloacquepubbliche.com\/index.php\/wp-json\/wp\/v2\/pages"}],"about":[{"href":"https:\/\/www.avvocatomazzulloacquepubbliche.com\/index.php\/wp-json\/wp\/v2\/types\/page"}],"author":[{"embeddable":true,"href":"https:\/\/www.avvocatomazzulloacquepubbliche.com\/index.php\/wp-json\/wp\/v2\/users\/1"}],"replies":[{"embeddable":true,"href":"https:\/\/www.avvocatomazzulloacquepubbliche.com\/index.php\/wp-json\/wp\/v2\/comments?post=2"}],"version-history":[{"count":46,"href":"https:\/\/www.avvocatomazzulloacquepubbliche.com\/index.php\/wp-json\/wp\/v2\/pages\/2\/revisions"}],"predecessor-version":[{"id":215,"href":"https:\/\/www.avvocatomazzulloacquepubbliche.com\/index.php\/wp-json\/wp\/v2\/pages\/2\/revisions\/215"}],"wp:attachment":[{"href":"https:\/\/www.avvocatomazzulloacquepubbliche.com\/index.php\/wp-json\/wp\/v2\/media?parent=2"}],"curies":[{"name":"wp","href":"https:\/\/api.w.org\/{rel}","templated":true}]}}